{"id":146,"date":"2025-06-01T17:36:58","date_gmt":"2025-06-01T17:36:58","guid":{"rendered":"https:\/\/www.solarvesta.com\/?page_id=146"},"modified":"2025-06-01T17:53:19","modified_gmt":"2025-06-01T17:53:19","slug":"ges-sistemleri","status":"publish","type":"page","link":"https:\/\/www.solarvesta.com\/index.php\/ges-sistemleri\/","title":{"rendered":"GES Sistemleri"},"content":{"rendered":"\t\t<div data-elementor-type=\"wp-page\" data-elementor-id=\"146\" class=\"elementor elementor-146\">\n\t\t\t\t<div class=\"elementor-element elementor-element-e69c164 e-flex e-con-boxed e-con e-parent\" data-id=\"e69c164\" data-element_type=\"container\" data-e-type=\"container\">\n\t\t\t\t\t<div class=\"e-con-inner\">\n\t\t<div class=\"elementor-element elementor-element-5d09ee4 e-con-full e-flex e-con e-child\" data-id=\"5d09ee4\" data-element_type=\"container\" data-e-type=\"container\">\n\t\t\t\t<div class=\"elementor-element elementor-element-4a64e59 elementor-widget elementor-widget-image\" data-id=\"4a64e59\" data-element_type=\"widget\" data-e-type=\"widget\" data-widget_type=\"image.default\">\n\t\t\t\t<div class=\"elementor-widget-container\">\n\t\t\t\t\t\t\t\t\t\t\t\t\t\t\t<img fetchpriority=\"high\" decoding=\"async\" width=\"1024\" height=\"683\" src=\"https:\/\/www.solarvesta.com\/wp-content\/uploads\/2025\/06\/indir-1024x683.jpeg\" class=\"attachment-large size-large wp-image-148\" alt=\"\" srcset=\"https:\/\/www.solarvesta.com\/wp-content\/uploads\/2025\/06\/indir-1024x683.jpeg 1024w, https:\/\/www.solarvesta.com\/wp-content\/uploads\/2025\/06\/indir-300x200.jpeg 300w, https:\/\/www.solarvesta.com\/wp-content\/uploads\/2025\/06\/indir-768x512.jpeg 768w, https:\/\/www.solarvesta.com\/wp-content\/uploads\/2025\/06\/indir-24x16.jpeg 24w, https:\/\/www.solarvesta.com\/wp-content\/uploads\/2025\/06\/indir-36x24.jpeg 36w, https:\/\/www.solarvesta.com\/wp-content\/uploads\/2025\/06\/indir-48x32.jpeg 48w, https:\/\/www.solarvesta.com\/wp-content\/uploads\/2025\/06\/indir-600x400.jpeg 600w, https:\/\/www.solarvesta.com\/wp-content\/uploads\/2025\/06\/indir.jpeg 1380w\" sizes=\"(max-width: 1024px) 100vw, 1024px\" \/>\t\t\t\t\t\t\t\t\t\t\t\t\t\t\t<\/div>\n\t\t\t\t<\/div>\n\t\t\t\t<\/div>\n\t\t<div class=\"elementor-element elementor-element-6753f3b e-con-full e-flex e-con e-child\" data-id=\"6753f3b\" data-element_type=\"container\" data-e-type=\"container\">\n\t\t\t\t<div class=\"elementor-element elementor-element-295c46c elementor-widget elementor-widget-heading\" data-id=\"295c46c\" data-element_type=\"widget\" data-e-type=\"widget\" data-widget_type=\"heading.default\">\n\t\t\t\t<div class=\"elementor-widget-container\">\n\t\t\t\t\t<h2 class=\"elementor-heading-title elementor-size-default\">G\u00fcne\u015f Enerjisiyle S\u00fcrd\u00fcr\u00fclebilir Bir Gelecek<\/h2>\t\t\t\t<\/div>\n\t\t\t\t<\/div>\n\t\t\t\t<div class=\"elementor-element elementor-element-62d916b elementor-widget elementor-widget-text-editor\" data-id=\"62d916b\" data-element_type=\"widget\" data-e-type=\"widget\" data-widget_type=\"text-editor.default\">\n\t\t\t\t<div class=\"elementor-widget-container\">\n\t\t\t\t\t\t\t\t\t<p>Solar VESTA, yenilenebilir enerji kaynaklar\u0131n\u0131n \u00f6nemini vurgulayarak, g\u00fcne\u015f enerjisi sistemlerinin kurulumu ve m\u00fchendislik \u00e7\u00f6z\u00fcmleri sunmaktad\u0131r. Ankara merkezli firmam\u0131z, k\u00fcresel enerji ihtiyac\u0131n\u0131n \u00e7evre dostu yollarla kar\u015f\u0131lanmas\u0131na olanak tan\u0131yan ev tipi ve end\u00fcstriyel \u00e7at\u0131 sistemleri \u00fczerinde uzmanla\u015fm\u0131\u015ft\u0131r. Yenilik\u00e7i enerji \u00f6z t\u00fcketim modelimiz, elektrik faturalar\u0131n\u0131z\u0131 azalt\u0131rken ayn\u0131 zamanda karbon ayak izinizi minimalize etmenize yard\u0131mc\u0131 olur.<\/p>\t\t\t\t\t\t\t\t<\/div>\n\t\t\t\t<\/div>\n\t\t\t\t<\/div>\n\t\t\t\t\t<\/div>\n\t\t\t\t<\/div>\n\t\t<div class=\"elementor-element elementor-element-7d0c219 e-flex e-con-boxed e-con e-parent\" data-id=\"7d0c219\" data-element_type=\"container\" data-e-type=\"container\">\n\t\t\t\t\t<div class=\"e-con-inner\">\n\t\t\t\t<div class=\"elementor-element elementor-element-c38972b elementor-widget elementor-widget-heading\" data-id=\"c38972b\" data-element_type=\"widget\" data-e-type=\"widget\" data-widget_type=\"heading.default\">\n\t\t\t\t<div class=\"elementor-widget-container\">\n\t\t\t\t\t<h2 class=\"elementor-heading-title elementor-size-default\">Off-Grid Sistem Modeli<\/h2>\t\t\t\t<\/div>\n\t\t\t\t<\/div>\n\t\t\t\t<div class=\"elementor-element elementor-element-a8bda79 elementor-widget elementor-widget-text-editor\" data-id=\"a8bda79\" data-element_type=\"widget\" data-e-type=\"widget\" data-widget_type=\"text-editor.default\">\n\t\t\t\t<div class=\"elementor-widget-container\">\n\t\t\t\t\t\t\t\t\t<p>\u015eebekeye ba\u011fl\u0131 olmayan sistemler\u00a0<strong>off-grid sistemler<\/strong>\u00a0olarak adland\u0131r\u0131l\u0131r. Bu sistemler genellikle da\u011f evi, ba\u011f evi, yayla evleri, \u00e7iftlikler, karavanlar, yat ve teknelerde tercih edilirler. \u00c7\u00fcnk\u00fc bu alanlarda, genellikle \u015febeke hatt\u0131 bulunmaz ya da ekonomik olarak \u015febeke hatt\u0131 ba\u011flamak \u00e7ok m\u00fcmk\u00fcn olmaz. Bu nedenle bu sistemlerde; elektrik \u015febekesinden ba\u011f\u0131ms\u0131z olarak elektrik, fotovoltaik panellerde DC olarak \u00fcretilir ve \u015farj kontrol cihazlar\u0131yla d\u00fczenlenerek AC olarak bataryalarda toplan\u0131r. Toplanan bu enerji ihtiya\u00e7 duyuldu\u011funda kullan\u0131lmak \u00fczere sisteme verilir.<\/p><p>Off-grid sistemler kurulurken, \u015febekeye ba\u011fl\u0131 olunmayaca\u011f\u0131 ve t\u00fcm enerji ihtiyac\u0131 bu sistemle kar\u015f\u0131lanaca\u011f\u0131 i\u00e7in; elektri\u011fin ne zaman ve nas\u0131l kullan\u0131laca\u011f\u0131na, evlerde kullan\u0131lacak olan elektrikli aletlerin belirlenmesine, b\u00f6lgenin konumuna, ne kadar g\u00fcne\u015f ald\u0131\u011f\u0131na ve ne kadar karanl\u0131k oldu\u011funa dikkat edilmesi gerekmektedir.<\/p>\t\t\t\t\t\t\t\t<\/div>\n\t\t\t\t<\/div>\n\t\t\t\t\t<\/div>\n\t\t\t\t<\/div>\n\t\t<div class=\"elementor-element elementor-element-354d8a7 e-flex e-con-boxed e-con e-parent\" data-id=\"354d8a7\" data-element_type=\"container\" data-e-type=\"container\">\n\t\t\t\t\t<div class=\"e-con-inner\">\n\t\t\t\t<div class=\"elementor-element elementor-element-47c3044 elementor-widget elementor-widget-heading\" data-id=\"47c3044\" data-element_type=\"widget\" data-e-type=\"widget\" data-widget_type=\"heading.default\">\n\t\t\t\t<div class=\"elementor-widget-container\">\n\t\t\t\t\t<h2 class=\"elementor-heading-title elementor-size-default\">On-Grid Sistem Modeli<\/h2>\t\t\t\t<\/div>\n\t\t\t\t<\/div>\n\t\t\t\t<div class=\"elementor-element elementor-element-9bdd98d elementor-widget elementor-widget-text-editor\" data-id=\"9bdd98d\" data-element_type=\"widget\" data-e-type=\"widget\" data-widget_type=\"text-editor.default\">\n\t\t\t\t<div class=\"elementor-widget-container\">\n\t\t\t\t\t\t\t\t\t<p><strong>On-grid sistemleri<\/strong>\u00a0\u015febekeye ba\u011fl\u0131 g\u00fcne\u015f enerjisi sistemleri olarak tan\u0131ml\u0131yoruz. Merkezi elektrik \u015febekesine ba\u011fl\u0131 olan ve g\u00fcne\u015f panellerinden \u00fcretilen elektri\u011fin, \u00fcretildi\u011fi anda kullan\u0131ld\u0131\u011f\u0131, g\u00fcne\u015f panellerinden \u00fcretimin ihtiyac\u0131 kar\u015f\u0131lamad\u0131\u011f\u0131 anlarda ise ihtiyac\u0131n \u015febekeden kar\u015f\u0131land\u0131\u011f\u0131 bu sistem g\u00fcn\u00fcm\u00fcz\u00fcn en yayg\u0131n \u015fekilde kullan\u0131lan sistemidir. On-grid sistemde hi\u00e7bir ilave depolama (ak\u00fc-batarya vb.) ara birimi bulunmaz ve g\u00fcne\u015f panellerinden ihtiyac\u0131n\u0131zdan fazla \u00fcretilen enerji an\u0131nda \u015febekeye aktar\u0131l\u0131r.<\/p><p>Bu sistemde g\u00fcne\u015f enerjisiyle \u00e7al\u0131\u015fan fotovoltaik paneller, g\u00fcne\u015ften gelen \u0131\u015f\u0131n\u0131mlar\u0131 kullanarak, \u00fczerinde bulunan silikon h\u00fccrelerdeki elektronlar\u0131 uyar\u0131p DC(do\u011fru ak\u0131m) elektrik \u00fcretirler. \u00dcretilen elektrik ise, \u00f6zel tasar\u0131ml\u0131 inverterler sayesinde tek faz yada \u00fc\u00e7 faza AC (alternatif ak\u0131ma) d\u00f6n\u00fc\u015ft\u00fcrerek \u00e7ift y\u00f6nl\u00fc elektrik sayac\u0131yla elektrik \u015febekesine ba\u011flan\u0131r. \u00c7ift y\u00f6nl\u00fc elektrik sayac\u0131yla \u015febekeye verilen ve t\u00fcketilen enerji kaydedilir. B\u00f6ylelikle her ay sonunda evinizin ya da i\u015fyeriniz \u00fcretti\u011fi ve t\u00fcketti\u011fi enerji kaydedilerek, size enerji sa\u011flayan firma ile mahsupla\u015fma sa\u011flan\u0131r. E\u011fer g\u00fcne\u015f enerji sistemiyle \u00fcretti\u011finiz enerji ay boyu t\u00fcketti\u011finiz enerjiden fazlaysa t\u00fcketiciye \u00f6deme yap\u0131l\u0131r.<\/p>\t\t\t\t\t\t\t\t<\/div>\n\t\t\t\t<\/div>\n\t\t\t\t\t<\/div>\n\t\t\t\t<\/div>\n\t\t<div class=\"elementor-element elementor-element-1ff403c e-flex e-con-boxed e-con e-parent\" data-id=\"1ff403c\" data-element_type=\"container\" data-e-type=\"container\">\n\t\t\t\t\t<div class=\"e-con-inner\">\n\t\t\t\t<div class=\"elementor-element elementor-element-6d50b95 elementor-widget elementor-widget-heading\" data-id=\"6d50b95\" data-element_type=\"widget\" data-e-type=\"widget\" data-widget_type=\"heading.default\">\n\t\t\t\t<div class=\"elementor-widget-container\">\n\t\t\t\t\t<h2 class=\"elementor-heading-title elementor-size-default\">Hibrit Sistem Modeli<\/h2>\t\t\t\t<\/div>\n\t\t\t\t<\/div>\n\t\t\t\t<div class=\"elementor-element elementor-element-0d3913a elementor-widget elementor-widget-text-editor\" data-id=\"0d3913a\" data-element_type=\"widget\" data-e-type=\"widget\" data-widget_type=\"text-editor.default\">\n\t\t\t\t<div class=\"elementor-widget-container\">\n\t\t\t\t\t\t\t\t\t<p><strong>Hibrit solar sistemler<\/strong>\u00a0on-girid ve off-grid sistemlerin birle\u015fimidir ve her iki sisteminde avantajlar\u0131n\u0131 t\u00fcketiciye sunar. Bu sistemler on-grid sistemeler gibi \u015febekeye ba\u011fl\u0131 olup, ayr\u0131ca off-grid sistemler gibi bataryaya sahiptirler. B\u00f6ylelikle sistem, g\u00fcne\u015ften \u00fcretti\u011fi fazla enerjiyi depolamak amac\u0131yla hibrit inverter sayesinde bataryaya iletir. Sistem i\u00e7erisinde bataryalar oldu\u011fu i\u00e7in elektrik kesildi\u011finde, bataryalar devreye girerek sistemi beslemeye devam eder. K\u0131sacas\u0131 bu sistemler elektrik kesintisinden etkilenmez.<\/p><p>Daha detayl\u0131 a\u00e7\u0131klamak gerekirse; hibrit sistemlerde g\u00fcne\u015f panelleri taraf\u0131ndan emilen g\u00fcne\u015f enerjisi ile \u00fcretilen DC elektrik, evlerde yada i\u015fyerlerinde kullan\u0131lan AC elektri\u011fe d\u00f6n\u00fc\u015fmesi i\u00e7in bir hibrit inverterden ge\u00e7er. Hibrit inverter gelen enerjiyi, o anki kullan\u0131m durumuna g\u00f6re direk kullan\u0131lmas\u0131 i\u00e7in evinize yada i\u015fyerinize g\u00f6nderir. E\u011fer \u00fcretim miktar\u0131n\u0131z kulland\u0131\u011f\u0131n\u0131z enerjiye g\u00f6re daha y\u00fcksekse bu sefer inverter enerjinin depolanmas\u0131 i\u00e7in bataryaya g\u00f6ndererek , bataryan\u0131n dolmas\u0131n\u0131 sa\u011flar. Hem bataryalar\u0131n\u0131z dolu hem de kulland\u0131\u011f\u0131n\u0131z enerji miktar\u0131 \u00e7ok d\u00fc\u015f\u00fck ise bu sefer de hibrit inverter \u00fcretilen fazla enerjiyi \u015febekeye g\u00f6ndererek da\u011f\u0131t\u0131m \u015firketinden \u00f6deme alman\u0131z\u0131 sa\u011flar. Hibrit sistemlerde ak\u015fam saatlerinde veya herhangi bir \u015febeke ar\u0131zas\u0131 durumunda, bataryalarda depolanan enerji sistemde kullan\u0131l\u0131r ve b\u00f6ylelikle \u015febekeye ba\u011f\u0131ml\u0131l\u0131\u011f\u0131 ortadan kald\u0131r\u0131r<\/p>\t\t\t\t\t\t\t\t<\/div>\n\t\t\t\t<\/div>\n\t\t\t\t\t<\/div>\n\t\t\t\t<\/div>\n\t\t<div class=\"elementor-element elementor-element-3e5d7f0 e-flex e-con-boxed e-con e-parent\" data-id=\"3e5d7f0\" data-element_type=\"container\" data-e-type=\"container\">\n\t\t\t\t\t<div class=\"e-con-inner\">\n\t\t\t\t<div class=\"elementor-element elementor-element-6546f7f elementor-widget elementor-widget-heading\" data-id=\"6546f7f\" data-element_type=\"widget\" data-e-type=\"widget\" data-widget_type=\"heading.default\">\n\t\t\t\t<div class=\"elementor-widget-container\">\n\t\t\t\t\t<h2 class=\"elementor-heading-title elementor-size-default\">\u00d6z T\u00fcketim Sistemleri<\/h2>\t\t\t\t<\/div>\n\t\t\t\t<\/div>\n\t\t\t\t<div class=\"elementor-element elementor-element-1ce1f27 elementor-widget elementor-widget-text-editor\" data-id=\"1ce1f27\" data-element_type=\"widget\" data-e-type=\"widget\" data-widget_type=\"text-editor.default\">\n\t\t\t\t<div class=\"elementor-widget-container\">\n\t\t\t\t\t\t\t\t\t<p>G\u00fcne\u015f enerjisini, \u015febekeye ba\u011f\u0131ml\u0131 (on-grid) yada \u015febekeden ba\u011f\u0131ms\u0131z( off-grid) olarak kullanman\u0131n haricinde bir alternatifte \u00f6zt\u00fcketim sistemleriyle kullanmakt\u0131r. \u00d6zt\u00fcketim sistemlerinde \u015febekeden elektrik almaya devam edilirken, g\u00fcne\u015f panelleri sayesinde yard\u0131mc\u0131 bir enerji kayna\u011f\u0131 olu\u015fturulur ve g\u00fcnd\u00fczleri enerji ihtiyac\u0131 bu kaynaktan kar\u015f\u0131lan\u0131r. On grid sistemlerden fark\u0131; bu sistemde \u00e7ift y\u00f6nl\u00fc elektrik sayac\u0131 olmad\u0131\u011f\u0131 i\u00e7in fazla \u00fcretilen enerji \u015febekeye aktar\u0131lmaz. Bunun yerine fazla enerji, smart meter denilen cihaz ile ayarlanarak sistemin o anki ihtiyac\u0131 d\u00fczeyine getirilir ve b\u00f6ylelikle sisteme fazla g\u00fcc\u00fcn gitmesi engellenir. K\u0131sacas\u0131 \u00f6zt\u00fcketim sistemde \u00fcretilen fazla enerji \u015febekeye aktar\u0131lamad\u0131\u011f\u0131 i\u00e7in smart meter ile s\u00f6n\u00fcmlenir.<\/p><p>\u00d6zt\u00fcketim sistemin alan k\u0131s\u0131tlamas\u0131 nedeniyle g\u00fcne\u015f panellerinden \u00fcretilen g\u00fcc\u00fcn, t\u00fcketimi kar\u015f\u0131layamad\u0131\u011f\u0131 durumlarda tercih edilmesi \u00f6nemlidir. \u00d6rne\u011fin, \u00e7at\u0131 alan\u0131 k\u00fc\u00e7\u00fck bir i\u015fletmenin, \u00e7ok fazla elektrik enerjisi t\u00fcketen cihaz\u0131 yada makinesi mevcutsa ve bu i\u015fletme 08:00-19:00 saatleri aras\u0131nda \u00e7al\u0131\u015fmay\u0131 tercih ediyorsa, \u015febekeden sa\u011flad\u0131 elektrik enerjini d\u00fc\u015f\u00fcrmek i\u00e7in \u00e7at\u0131s\u0131na g\u00fcne\u015f enerjisi kurdurabilir. Bu sayede i\u015fletme g\u00fcne\u015f enerjisinden \u00fcretti\u011fi enerjiyi an\u0131nda kullanacak ve \u015febekeden ald\u0131\u011f\u0131 elektrik azaltarak \u00f6dedi\u011fi faturay\u0131 d\u00fc\u015f\u00fcrecektir.<\/p><p>Ayr\u0131ca \u00f6zt\u00fcketim sisteminde hibrit inverter kullanarak sisteme bataryalar eklenebilir. Bu sayede g\u00fcne\u015f panellerinden \u00fcretilen ve \u015febekeye aktar\u0131lamayan fazla enerji, kullan\u0131lmak \u00fczere bataryalarda depolanabilir. Fakat hem hibrit inverter hem de batarya kullan\u0131m\u0131 \u00f6zt\u00fcketim sisteminin ilk yat\u0131r\u0131m maliyetini art\u0131racakt\u0131r.<\/p>\t\t\t\t\t\t\t\t<\/div>\n\t\t\t\t<\/div>\n\t\t\t\t\t<\/div>\n\t\t\t\t<\/div>\n\t\t\t\t<\/div>\n\t\t","protected":false},"excerpt":{"rendered":"<p>G\u00fcne\u015f Enerjisiyle S\u00fcrd\u00fcr\u00fclebilir Bir Gelecek Solar VESTA, yenilenebilir enerji kaynaklar\u0131n\u0131n \u00f6nemini vurgulayarak, g\u00fcne\u015f enerjisi sistemlerinin kurulumu ve m\u00fchendislik \u00e7\u00f6z\u00fcmleri sunmaktad\u0131r. [&hellip;]<\/p>\n","protected":false},"author":1,"featured_media":0,"parent":0,"menu_order":0,"comment_status":"closed","ping_status":"closed","template":"","meta":{"site-sidebar-layout":"no-sidebar","site-content-layout":"","ast-site-content-layout":"full-width-container","site-content-style":"default","site-sidebar-style":"default","ast-global-header-display":"","ast-banner-title-visibility":"","ast-main-header-display":"","ast-hfb-above-header-display":"","ast-hfb-below-header-display":"","ast-hfb-mobile-header-display":"","site-post-title":"disabled","ast-breadcrumbs-content":"","ast-featured-img":"disabled","footer-sml-layout":"","ast-disable-related-posts":"","theme-transparent-header-meta":"","adv-header-id-meta":"","stick-header-meta":"","header-above-stick-meta":"","header-main-stick-meta":"","header-below-stick-meta":"","astra-migrate-meta-layouts":"default","ast-page-background-enabled":"default","ast-page-background-meta":{"desktop":{"background-color":"var(--ast-global-color-5)","background-image":"","background-repeat":"repeat","background-position":"center center","background-size":"auto","background-attachment":"scroll","background-type":"","background-media":"","overlay-type":"","overlay-color":"","overlay-opacity":"","overlay-gradient":""},"tablet":{"background-color":"","background-image":"","background-repeat":"repeat","background-position":"center center","background-size":"auto","background-attachment":"scroll","background-type":"","background-media":"","overlay-type":"","overlay-color":"","overlay-opacity":"","overlay-gradient":""},"mobile":{"background-color":"","background-image":"","background-repeat":"repeat","background-position":"center center","background-size":"auto","background-attachment":"scroll","background-type":"","background-media":"","overlay-type":"","overlay-color":"","overlay-opacity":"","overlay-gradient":""}},"ast-content-background-meta":{"desktop":{"background-color":"var(--ast-global-color-4)","background-image":"","background-repeat":"repeat","background-position":"center center","background-size":"auto","background-attachment":"scroll","background-type":"","background-media":"","overlay-type":"","overlay-color":"","overlay-opacity":"","overlay-gradient":""},"tablet":{"background-color":"var(--ast-global-color-4)","background-image":"","background-repeat":"repeat","background-position":"center center","background-size":"auto","background-attachment":"scroll","background-type":"","background-media":"","overlay-type":"","overlay-color":"","overlay-opacity":"","overlay-gradient":""},"mobile":{"background-color":"var(--ast-global-color-4)","background-image":"","background-repeat":"repeat","background-position":"center center","background-size":"auto","background-attachment":"scroll","background-type":"","background-media":"","overlay-type":"","overlay-color":"","overlay-opacity":"","overlay-gradient":""}},"footnotes":""},"class_list":["post-146","page","type-page","status-publish","hentry"],"_links":{"self":[{"href":"https:\/\/www.solarvesta.com\/index.php\/wp-json\/wp\/v2\/pages\/146","targetHints":{"allow":["GET"]}}],"collection":[{"href":"https:\/\/www.solarvesta.com\/index.php\/wp-json\/wp\/v2\/pages"}],"about":[{"href":"https:\/\/www.solarvesta.com\/index.php\/wp-json\/wp\/v2\/types\/page"}],"author":[{"embeddable":true,"href":"https:\/\/www.solarvesta.com\/index.php\/wp-json\/wp\/v2\/users\/1"}],"replies":[{"embeddable":true,"href":"https:\/\/www.solarvesta.com\/index.php\/wp-json\/wp\/v2\/comments?post=146"}],"version-history":[{"count":7,"href":"https:\/\/www.solarvesta.com\/index.php\/wp-json\/wp\/v2\/pages\/146\/revisions"}],"predecessor-version":[{"id":154,"href":"https:\/\/www.solarvesta.com\/index.php\/wp-json\/wp\/v2\/pages\/146\/revisions\/154"}],"wp:attachment":[{"href":"https:\/\/www.solarvesta.com\/index.php\/wp-json\/wp\/v2\/media?parent=146"}],"curies":[{"name":"wp","href":"https:\/\/api.w.org\/{rel}","templated":true}]}}